{"id":5865,"date":"2025-04-09T17:35:20","date_gmt":"2025-04-09T15:35:20","guid":{"rendered":"https:\/\/study.tnuni.sk\/acommodation\/"},"modified":"2025-09-07T14:12:14","modified_gmt":"2025-09-07T12:12:14","slug":"acommodation","status":"publish","type":"page","link":"https:\/\/study.tnuni.sk\/uk\/acommodation\/","title":{"rendered":"\u041f\u0420\u041e\u0416\u0418\u0412\u0410\u041d\u041d\u042f"},"content":{"rendered":"\t\t<div data-elementor-type=\"wp-page\" data-elementor-id=\"5865\" class=\"elementor elementor-5865 elementor-3760\" data-elementor-post-type=\"page\">\n\t\t\t\t<div class=\"elementor-element elementor-element-14d3720 e-flex e-con-boxed e-con e-parent\" data-id=\"14d3720\" data-element_type=\"container\">\n\t\t\t\t\t<div class=\"e-con-inner\">\n\t\t\t\t<div class=\"elementor-element elementor-element-a81cf79 nadpis elementor-widget__width-inherit elementor-widget elementor-widget-heading\" data-id=\"a81cf79\" data-element_type=\"widget\" data-widget_type=\"heading.default\">\n\t\t\t\t<div class=\"elementor-widget-container\">\n\t\t\t\t\t<h1 class=\"elementor-heading-title elementor-size-default\"><b>\u041f\u0440\u043e\u0436\u0438\u0432\u0430\u043d\u043d\u044f<\/b><\/h1>\t\t\t\t<\/div>\n\t\t\t\t<\/div>\n\t\t\t\t<div class=\"elementor-element elementor-element-0a8a9b3 elementor-widget elementor-widget-text-editor\" data-id=\"0a8a9b3\" data-element_type=\"widget\" data-widget_type=\"text-editor.default\">\n\t\t\t\t<div class=\"elementor-widget-container\">\n\t\t\t\t\t\t\t\t\t<p>\u041d\u0430\u0448 \u0443\u043d\u0456\u0432\u0435\u0440\u0441\u0438\u0442\u0435\u0442 \u0437\u0430\u0431\u0435\u0437\u043f\u0435\u0447\u0443\u0454 \u043f\u0440\u043e\u0436\u0438\u0432\u0430\u043d\u043d\u044f \u0441\u0442\u0443\u0434\u0435\u043d\u0442\u0456\u0432 \u043f\u0456\u0434 \u0447\u0430\u0441 \u043d\u0430\u0432\u0447\u0430\u043d\u043d\u044f \u0432 &#8220;\u0423\u043d\u0456\u0432\u0435\u0440\u0441\u0438\u0442\u0435\u0442\u0441\u044c\u043a\u043e\u043c\u0443 \u0433\u0443\u0440\u0442\u043e\u0436\u0438\u0442\u043a\u0443 &#8211; Z\u00e1blatie&#8221;, \u0430 \u0442\u0430\u043a\u043e\u0436 \u0443 3 \u0456\u043d\u0448\u0438\u0445 \u043a\u043e\u043d\u0442\u0440\u0430\u043a\u0442\u043d\u0438\u0445 \u0433\u0443\u0440\u0442\u043e\u0436\u0438\u0442\u043a\u0430\u0445:<\/p><ul><li>\u0423\u043d\u0456\u0432\u0435\u0440\u0441\u0438\u0442\u0435\u0442\u0441\u044c\u043a\u0438\u0439 \u0433\u0443\u0440\u0442\u043e\u0436\u0438\u0442\u043e\u043a &#8211; Z\u00c1BLATIE<\/li><li>\u0413\u0443\u0440\u0442\u043e\u0436\u0438\u0442\u043e\u043a \u0441\u0435\u0440\u0435\u0434\u043d\u044c\u043e\u0457 \u0448\u043a\u043e\u043b\u0438 &#8211; PRI STREDNEJ \u0160PORTOVEJ \u0160KOLE V TREN\u010c\u00cdNE<\/li><li>\u0413\u0443\u0440\u0442\u043e\u0436\u0438\u0442\u043e\u043a &#8211; JANKA<\/li><li>\u0413\u0443\u0440\u0442\u043e\u0436\u0438\u0442\u043e\u043a \u0441\u0435\u0440\u0435\u0434\u043d\u044c\u043e\u0457 \u0448\u043a\u043e\u043b\u0438 &#8211; P\u00daCHOV  <\/li><\/ul><p>\u0429\u043e\u043c\u0456\u0441\u044f\u0447\u043d\u0430 \u043e\u0440\u0435\u043d\u0434\u043d\u0430 \u043f\u043b\u0430\u0442\u0430 \u0441\u0442\u0430\u043d\u043e\u0432\u0438\u0442\u044c \u0432\u0456\u0434 90 \u0454\u0432\u0440\u043e \u0437\u0430\u043b\u0435\u0436\u043d\u043e \u0432\u0456\u0434 \u0433\u0443\u0440\u0442\u043e\u0436\u0438\u0442\u043a\u0443.<\/p><p>\u041a\u043e\u043d\u0442\u0430\u043a\u0442:<br>\u0415\u043b\u0435\u043a\u0442\u0440\u043e\u043d\u043d\u0430 \u043f\u043e\u0448\u0442\u0430: <a href=\"mailto:ubytovanie@tnuni.sk\">ubytovanie@tnuni.sk<\/a><br>\u0422\u0435\u043b\u0435\u0444\u043e\u043d: +421 32 7400 125<\/p><p>\u0423\u043c\u043e\u0432\u0438 \u043f\u043e\u0434\u0430\u043d\u043d\u044f \u0437\u0430\u044f\u0432\u0438 \u0434\u043b\u044f \u043d\u043e\u0432\u043e\u043f\u0440\u0438\u0439\u043d\u044f\u0442\u0438\u0445 \u0441\u0442\u0443\u0434\u0435\u043d\u0442\u0456\u0432:<\/p><p><em>(\u0442\u0430\u043a\u043e\u0436 \u0441\u0442\u043e\u0441\u0443\u0454\u0442\u044c\u0441\u044f \u0441\u0442\u0443\u0434\u0435\u043d\u0442\u0456\u0432, \u044f\u043a\u0456 \u043f\u0440\u043e\u0434\u043e\u0432\u0436\u0443\u044e\u0442\u044c \u043d\u0430\u0432\u0447\u0430\u043d\u043d\u044f \u043d\u0430<sup>2-\u043c\u0443<\/sup><\/em><em> <\/em><em>\u0441\u0442\u0443\u043f\u0456\u043d\u044c \u043d\u0430\u0432\u0447\u0430\u043d\u043d\u044f)<\/em><\/p><ul><li>\u0421\u0442\u0443\u0434\u0435\u043d\u0442\u0438 \u043f\u043e\u0434\u0430\u044e\u0442\u044c \u0437\u0430\u044f\u0432\u043a\u0438 \u043d\u0430 \u043f\u0440\u043e\u0436\u0438\u0432\u0430\u043d\u043d\u044f \u0442\u0456\u043b\u044c\u043a\u0438 \u0447\u0435\u0440\u0435\u0437 \u0410\u043a\u0430\u0434\u0435\u043c\u0456\u0447\u043d\u0443 \u0456\u043d\u0444\u043e\u0440\u043c\u0430\u0446\u0456\u0439\u043d\u0443 \u0441\u0438\u0441\u0442\u0435\u043c\u0443<a href=\"https:\/\/ais2.tnuni.sk\/\" rel=\"nofollow noopener\" target=\"_blank\">(AIS2<\/a>).<\/li><li>\u041f\u043e\u0434\u0430\u043d\u043d\u044f \u0437\u0430\u044f\u0432\u043e\u043a \u0430\u043a\u0442\u0438\u0432\u0443\u0454\u0442\u044c\u0441\u044f \u0432 \u0441\u0438\u0441\u0442\u0435\u043c\u0456 (AIS2) \u043b\u0438\u0448\u0435 \u043f\u0456\u0441\u043b\u044f \u043d\u0430\u0434\u0441\u0438\u043b\u0430\u043d\u043d\u044f \u0435\u043b\u0435\u043a\u0442\u0440\u043e\u043d\u043d\u043e\u0457 \u0434\u0435\u043a\u043b\u0430\u0440\u0430\u0446\u0456\u0457.<\/li><li>\u0422\u0435\u0440\u043c\u0456\u043d \u043f\u043e\u0434\u0430\u0447\u0456 \u0437\u0430\u044f\u0432\u043e\u043a: <strong>15\/07 <\/strong><strong>&#8211;<\/strong><strong> 15\/08<\/strong><a href=\"https:\/\/tnuni.sk\/fileadmin\/dokumenty\/studenti\/ubytovanie\/2024\/NAVOD_Novoprij_Studenti_vyplnenieZiadostiUbytovanie2024-25.pdf\" rel=\"nofollow noopener\" target=\"_blank\">(Manual)<\/a>.<\/li><li>\u0421\u0442\u0443\u0434\u0435\u043d\u0442\u0438 \u043e\u0442\u0440\u0438\u043c\u0430\u044e\u0442\u044c \u043f\u043e\u0432\u0456\u0434\u043e\u043c\u043b\u0435\u043d\u043d\u044f \u043f\u0440\u043e \u043f\u0440\u0438\u0437\u043d\u0430\u0447\u0435\u043d\u043d\u044f \u043c\u0456\u0441\u0446\u044f \u043f\u0440\u043e\u0436\u0438\u0432\u0430\u043d\u043d\u044f \u043d\u0430 \u0441\u0432\u043e\u044e \u0435\u043b\u0435\u043a\u0442\u0440\u043e\u043d\u043d\u0443 \u0430\u0434\u0440\u0435\u0441\u0443, \u044f\u043a\u0443 \u0432\u043e\u043d\u0438 \u0432\u043a\u0430\u0437\u0430\u043b\u0438 \u0432 \u0437\u0430\u044f\u0432\u0456 \u043f\u0440\u043e \u0432\u0441\u0442\u0443\u043f \u0434\u043e \u0443\u043d\u0456\u0432\u0435\u0440\u0441\u0438\u0442\u0435\u0442\u0443.<\/li><li>\u0421\u0442\u0443\u0434\u0435\u043d\u0442\u0438 \u043f\u043e\u0434\u0430\u044e\u0442\u044c \u0437\u0430\u044f\u0432\u043a\u0443 \u043d\u0430 \u043f\u0440\u043e\u0436\u0438\u0432\u0430\u043d\u043d\u044f \u043d\u0430 \u043a\u043e\u0436\u0435\u043d \u043d\u0430\u0432\u0447\u0430\u043b\u044c\u043d\u0438\u0439 \u0440\u0456\u043a.<\/li><\/ul><p>\u0423\u043c\u043e\u0432\u0438 \u043f\u043e\u0434\u0430\u0447\u0456 \u0437\u0430\u044f\u0432\u043a\u0438 \u043d\u0430 \u043f\u0440\u043e\u0434\u043e\u0432\u0436\u0435\u043d\u043d\u044f \u043d\u0430\u0432\u0447\u0430\u043d\u043d\u044f:<\/p><ul><li>\u0421\u0442\u0443\u0434\u0435\u043d\u0442\u0438 \u043f\u043e\u0434\u0430\u044e\u0442\u044c \u0437\u0430\u044f\u0432\u043a\u0438 \u043d\u0430 \u043f\u0440\u043e\u0436\u0438\u0432\u0430\u043d\u043d\u044f \u0442\u0456\u043b\u044c\u043a\u0438 \u0447\u0435\u0440\u0435\u0437 \u0410\u043a\u0430\u0434\u0435\u043c\u0456\u0447\u043d\u0443 \u0456\u043d\u0444\u043e\u0440\u043c\u0430\u0446\u0456\u0439\u043d\u0443 \u0441\u0438\u0441\u0442\u0435\u043c\u0443<a href=\"https:\/\/ais2.tnuni.sk\/\" rel=\"nofollow noopener\" target=\"_blank\">(AIS2<\/a>).<\/li><li>\u0422\u0435\u0440\u043c\u0456\u043d\u0438 \u043f\u043e\u0434\u0430\u0447\u0456 \u0437\u0430\u044f\u0432\u043e\u043a: <strong>01\/07 <\/strong><strong>&#8211;<\/strong><strong> 14\/07<\/strong><a href=\"https:\/\/tnuni.sk\/fileadmin\/dokumenty\/studenti\/ubytovanie\/2024\/NAVODPokracujuci__vyplnenieZiadostiUbytovani2024-25.pdf\" rel=\"nofollow noopener\" target=\"_blank\">(\u041a\u0435\u0440\u0456\u0432\u043d\u0438\u0446\u0442\u0432\u043e<\/a>).<\/li><li>\u0421\u0442\u0443\u0434\u0435\u043d\u0442\u0438 \u043e\u0442\u0440\u0438\u043c\u0430\u044e\u0442\u044c \u043f\u043e\u0432\u0456\u0434\u043e\u043c\u043b\u0435\u043d\u043d\u044f \u043f\u0440\u043e \u043f\u0440\u0438\u0437\u043d\u0430\u0447\u0435\u043d\u043d\u044f \u0436\u0438\u0442\u043b\u0430 \u043d\u0430 \u0441\u0432\u043e\u044e \u0435\u043b\u0435\u043a\u0442\u0440\u043e\u043d\u043d\u0443 \u0430\u0434\u0440\u0435\u0441\u0443, \u044f\u043a\u0443 \u0457\u043c \u043f\u0440\u0438\u0441\u0432\u043e\u0457\u0432 \u0443\u043d\u0456\u0432\u0435\u0440\u0441\u0438\u0442\u0435\u0442 \u043d\u0430 \u043f\u043e\u0447\u0430\u0442\u043a\u0443 \u043d\u0430\u0432\u0447\u0430\u043d\u043d\u044f.<\/li><li>\u0421\u0442\u0443\u0434\u0435\u043d\u0442\u0438 \u043f\u043e\u0434\u0430\u044e\u0442\u044c \u0437\u0430\u044f\u0432\u043a\u0443 \u043d\u0430 \u043f\u0440\u043e\u0436\u0438\u0432\u0430\u043d\u043d\u044f \u043d\u0430 \u043a\u043e\u0436\u0435\u043d \u043d\u0430\u0432\u0447\u0430\u043b\u044c\u043d\u0438\u0439 \u0440\u0456\u043a.<\/li><\/ul>\t\t\t\t\t\t\t\t<\/div>\n\t\t\t\t<\/div>\n\t\t\t\t\t<\/div>\n\t\t\t\t<\/div>\n\t\t\t\t<\/div>\n\t\t","protected":false},"excerpt":{"rendered":"<p>\u041f\u0440\u043e\u0436\u0438\u0432\u0430\u043d\u043d\u044f \u041d\u0430\u0448 \u0443\u043d\u0456\u0432\u0435\u0440\u0441\u0438\u0442\u0435\u0442 \u0437\u0430\u0431\u0435\u0437\u043f\u0435\u0447\u0443\u0454 \u043f\u0440\u043e\u0436\u0438\u0432\u0430\u043d\u043d\u044f \u0441\u0442\u0443\u0434\u0435\u043d\u0442\u0456\u0432 \u043f\u0456\u0434 \u0447\u0430\u0441 \u043d\u0430\u0432\u0447\u0430\u043d\u043d\u044f \u0432 &#8220;\u0423\u043d\u0456\u0432\u0435\u0440\u0441\u0438\u0442\u0435\u0442\u0441\u044c\u043a\u043e\u043c\u0443 \u0433\u0443\u0440\u0442\u043e\u0436\u0438\u0442\u043a\u0443 &#8211; Z\u00e1blatie&#8221;, \u0430 \u0442\u0430\u043a\u043e\u0436 \u0443 3 \u0456\u043d\u0448\u0438\u0445 \u043a\u043e\u043d\u0442\u0440\u0430\u043a\u0442\u043d\u0438\u0445 \u0433\u0443\u0440\u0442\u043e\u0436\u0438\u0442\u043a\u0430\u0445: \u0423\u043d\u0456\u0432\u0435\u0440\u0441\u0438\u0442\u0435\u0442\u0441\u044c\u043a\u0438\u0439 \u0433\u0443\u0440\u0442\u043e\u0436\u0438\u0442\u043e\u043a &#8211; Z\u00c1BLATIE \u0413\u0443\u0440\u0442\u043e\u0436\u0438\u0442\u043e\u043a \u0441\u0435\u0440\u0435\u0434\u043d\u044c\u043e\u0457 \u0448\u043a\u043e\u043b\u0438 &#8211; PRI STREDNEJ \u0160PORTOVEJ \u0160KOLE V TREN\u010c\u00cdNE \u0413\u0443\u0440\u0442\u043e\u0436\u0438\u0442\u043e\u043a &#8211; JANKA \u0413\u0443\u0440\u0442\u043e\u0436\u0438\u0442\u043e\u043a \u0441\u0435\u0440\u0435\u0434\u043d\u044c\u043e\u0457 \u0448\u043a\u043e\u043b\u0438 &#8211; P\u00daCHOV \u0429\u043e\u043c\u0456\u0441\u044f\u0447\u043d\u0430 \u043e\u0440\u0435\u043d\u0434\u043d\u0430 \u043f\u043b\u0430\u0442\u0430 \u0441\u0442\u0430\u043d\u043e\u0432\u0438\u0442\u044c \u0432\u0456\u0434 90 \u0454\u0432\u0440\u043e \u0437\u0430\u043b\u0435\u0436\u043d\u043e \u0432\u0456\u0434 \u0433\u0443\u0440\u0442\u043e\u0436\u0438\u0442\u043a\u0443. \u041a\u043e\u043d\u0442\u0430\u043a\u0442:\u0415\u043b\u0435\u043a\u0442\u0440\u043e\u043d\u043d\u0430 \u043f\u043e\u0448\u0442\u0430:&#8230;<\/p>\n","protected":false},"author":2,"featured_media":0,"parent":0,"menu_order":0,"comment_status":"closed","ping_status":"closed","template":"","meta":{"_kad_post_transparent":"default","_kad_post_title":"hide","_kad_post_layout":"default","_kad_post_sidebar_id":"","_kad_post_content_style":"default","_kad_post_vertical_padding":"default","_kad_post_feature":"","_kad_post_feature_position":"","_kad_post_header":false,"_kad_post_footer":false,"footnotes":""},"class_list":["post-5865","page","type-page","status-publish","hentry"],"_links":{"self":[{"href":"https:\/\/study.tnuni.sk\/uk\/wp-json\/wp\/v2\/pages\/5865","targetHints":{"allow":["GET"]}}],"collection":[{"href":"https:\/\/study.tnuni.sk\/uk\/wp-json\/wp\/v2\/pages"}],"about":[{"href":"https:\/\/study.tnuni.sk\/uk\/wp-json\/wp\/v2\/types\/page"}],"author":[{"embeddable":true,"href":"https:\/\/study.tnuni.sk\/uk\/wp-json\/wp\/v2\/users\/2"}],"replies":[{"embeddable":true,"href":"https:\/\/study.tnuni.sk\/uk\/wp-json\/wp\/v2\/comments?post=5865"}],"version-history":[{"count":5,"href":"https:\/\/study.tnuni.sk\/uk\/wp-json\/wp\/v2\/pages\/5865\/revisions"}],"predecessor-version":[{"id":7261,"href":"https:\/\/study.tnuni.sk\/uk\/wp-json\/wp\/v2\/pages\/5865\/revisions\/7261"}],"wp:attachment":[{"href":"https:\/\/study.tnuni.sk\/uk\/wp-json\/wp\/v2\/media?parent=5865"}],"curies":[{"name":"wp","href":"https:\/\/api.w.org\/{rel}","templated":true}]}}