{"id":7233,"date":"2025-08-31T14:18:32","date_gmt":"2025-08-31T12:18:32","guid":{"rendered":"https:\/\/study.tnuni.sk\/privacy-policy\/"},"modified":"2025-09-07T14:11:34","modified_gmt":"2025-09-07T12:11:34","slug":"privacy-policy","status":"publish","type":"page","link":"https:\/\/study.tnuni.sk\/pl\/privacy-policy\/","title":{"rendered":"Polityka prywatno\u015bci"},"content":{"rendered":"\t\t<div data-elementor-type=\"wp-page\" data-elementor-id=\"7233\" class=\"elementor elementor-7233 elementor-6947\" data-elementor-post-type=\"page\">\n\t\t\t\t<div class=\"elementor-element elementor-element-8863c7b e-flex e-con-boxed e-con e-parent\" data-id=\"8863c7b\" data-element_type=\"container\">\n\t\t\t\t\t<div class=\"e-con-inner\">\n\t\t\t\t<div class=\"elementor-element elementor-element-6c0de1f elementor-widget elementor-widget-heading\" data-id=\"6c0de1f\" data-element_type=\"widget\" data-widget_type=\"heading.default\">\n\t\t\t\t<div class=\"elementor-widget-container\">\n\t\t\t\t\t<h1 class=\"elementor-heading-title elementor-size-default\">Polityka prywatno\u015bci<\/h1>\t\t\t\t<\/div>\n\t\t\t\t<\/div>\n\t\t\t\t<div class=\"elementor-element elementor-element-a95e929 elementor-widget elementor-widget-text-editor\" data-id=\"a95e929\" data-element_type=\"widget\" data-widget_type=\"text-editor.default\">\n\t\t\t\t<div class=\"elementor-widget-container\">\n\t\t\t\t\t\t\t\t\t<h3>1. Wprowadzenie<\/h3><p>1.1 Zobowi\u0105zujemy si\u0119 do ochrony prywatno\u015bci os\u00f3b odwiedzaj\u0105cych nasz\u0105 stron\u0119 internetow\u0105 i u\u017cytkownik\u00f3w us\u0142ug.<\/p><p>1.2 Niniejsza polityka ma zastosowanie, gdy dzia\u0142amy jako administrator danych w odniesieniu do danych osobowych os\u00f3b odwiedzaj\u0105cych nasz\u0105 stron\u0119 internetow\u0105 i u\u017cytkownik\u00f3w us\u0142ug; innymi s\u0142owy, gdy okre\u015blamy cele i sposoby przetwarzania tych danych osobowych.<\/p><p>1.3 Podczas pierwszej wizyty na naszej stronie internetowej poprosimy u\u017cytkownika o wyra\u017cenie zgody na korzystanie przez nas z plik\u00f3w cookie zgodnie z warunkami niniejszej polityki.<\/p><p>1.4 W niniejszej polityce &#8222;my&#8221;, &#8222;nas&#8221; i &#8222;nasz&#8221; odnosz\u0105 si\u0119 do Tren\u010dianska univerzita Alexandra Dub\u010deka v Tren\u010d\u00edne<em>.<\/em> Wi\u0119cej informacji na nasz temat znajduje si\u0119 w sekcji 12.<\/p><h3>2. Jak wykorzystujemy dane osobowe u\u017cytkownik\u00f3w<\/h3><p>2.1 W niniejszej Sekcji 3 okre\u015blili\u015bmy:<br>(a) og\u00f3lne kategorie danych osobowych, kt\u00f3re mo\u017cemy przetwarza\u0107;<br>(b) w przypadku danych osobowych, kt\u00f3rych nie uzyskali\u015bmy bezpo\u015brednio od u\u017cytkownika, \u017ar\u00f3d\u0142o i konkretne kategorie tych danych;<br>(c) cele, dla kt\u00f3rych mo\u017cemy przetwarza\u0107 dane osobowe; oraz<br>(d) podstawy prawne przetwarzania.<\/p><p>2.2 Mo\u017cemy przetwarza\u0107 dane dotycz\u0105ce korzystania przez u\u017cytkownika z naszej witryny internetowej i us\u0142ug<strong>(dane dotycz\u0105ce u\u017cytkowania<\/strong>). Dane dotycz\u0105ce u\u017cytkowania mog\u0105 obejmowa\u0107 adres IP, lokalizacj\u0119 geograficzn\u0105, typ i wersj\u0119 przegl\u0105darki, system operacyjny, \u017ar\u00f3d\u0142o odes\u0142a\u0144, d\u0142ugo\u015b\u0107 wizyty, ods\u0142ony stron i \u015bcie\u017cki nawigacji w witrynie, a tak\u017ce informacje o czasie, cz\u0119stotliwo\u015bci i wzorcu korzystania z us\u0142ug. \u0179r\u00f3d\u0142em danych o u\u017cytkowaniu jest Google Analytics. Te dane dotycz\u0105ce u\u017cytkowania mog\u0105 by\u0107 przetwarzane w celu analizy korzystania ze strony internetowej i us\u0142ug. Podstaw\u0105 prawn\u0105 tego przetwarzania jest zgoda i nasze uzasadnione interesy, a mianowicie monitorowanie i ulepszanie naszej strony internetowej i us\u0142ug.    <\/p><p>2.3 Mo\u017cemy przetwarza\u0107 informacje, kt\u00f3re u\u017cytkownik zamieszcza w celu publikacji na naszej stronie internetowej lub za po\u015brednictwem naszych us\u0142ug<strong>(dane publikacji<\/strong>). Dane publikacji mog\u0105 by\u0107 przetwarzane w celu umo\u017cliwienia takiej publikacji oraz administrowania nasz\u0105 witryn\u0105 internetow\u0105 i us\u0142ugami. Podstaw\u0105 prawn\u0105 takiego przetwarzania jest zgoda.  <\/p><p>2.4 Mo\u017cemy przetwarza\u0107 informacje zawarte w ka\u017cdym przes\u0142anym nam zapytaniu dotycz\u0105cym towar\u00f3w i\/lub us\u0142ug<strong>(dane zapytania<\/strong>). Dane zapytania mog\u0105 by\u0107 przetwarzane w celu oferowania, marketingu i sprzeda\u017cy odpowiednich towar\u00f3w i\/lub us\u0142ug. Podstaw\u0105 prawn\u0105 takiego przetwarzania jest zgoda.  <\/p><p>2.5 Mo\u017cemy przetwarza\u0107 informacje przekazane nam przez u\u017cytkownika w celu subskrypcji naszych powiadomie\u0144 e-mail i\/lub biuletyn\u00f3w<strong>(dane dotycz\u0105ce powiadomie\u0144<\/strong>). Dane dotycz\u0105ce powiadomie\u0144 mog\u0105 by\u0107 przetwarzane w celu wysy\u0142ania u\u017cytkownikowi odpowiednich powiadomie\u0144 i\/lub biuletyn\u00f3w. Podstaw\u0105 prawn\u0105 tego przetwarzania jest zgoda.  <\/p><p>2.6 Mo\u017cemy przetwarza\u0107 informacje zawarte lub zwi\u0105zane z jak\u0105kolwiek komunikacj\u0105 wysy\u0142an\u0105 do nas przez u\u017cytkownika<strong>(dane korespondencyjne<\/strong>). Dane korespondencyjne mog\u0105 obejmowa\u0107 tre\u015b\u0107 komunikacji i metadane zwi\u0105zane z komunikacj\u0105. Nasza strona internetowa wygeneruje metadane zwi\u0105zane z komunikacj\u0105 dokonan\u0105 za pomoc\u0105 formularzy kontaktowych na stronie internetowej. Dane korespondencyjne mog\u0105 by\u0107 przetwarzane w celu komunikacji z u\u017cytkownikiem i prowadzenia dokumentacji. Podstaw\u0105 prawn\u0105 takiego przetwarzania s\u0105 nasze prawnie uzasadnione interesy, a mianowicie prawid\u0142owe administrowanie nasz\u0105 stron\u0105 internetow\u0105 i dzia\u0142alno\u015bci\u0105 oraz komunikacja z u\u017cytkownikami i\/lub wykonanie umowy mi\u0119dzy u\u017cytkownikiem a nami i\/lub podj\u0119cie krok\u00f3w, na \u017c\u0105danie u\u017cytkownika, w celu zawarcia takiej umowy.    <\/p><p>2.7 Mo\u017cemy przetwarza\u0107 wszelkie dane osobowe u\u017cytkownika okre\u015blone w niniejszej polityce, je\u015bli jest to konieczne do ustalenia, dochodzenia lub obrony roszcze\u0144 prawnych, zar\u00f3wno w post\u0119powaniu s\u0105dowym, jak i administracyjnym lub pozas\u0105dowym. Podstaw\u0105 prawn\u0105 takiego przetwarzania s\u0105 nasze uzasadnione interesy, a mianowicie ochrona i dochodzenie naszych praw, praw u\u017cytkownika i praw innych os\u00f3b. <\/p><p>2.8 Opr\u00f3cz konkretnych cel\u00f3w, dla kt\u00f3rych mo\u017cemy przetwarza\u0107 dane osobowe u\u017cytkownika, okre\u015blonych w niniejszej sekcji 3, mo\u017cemy r\u00f3wnie\u017c przetwarza\u0107 dowolne dane osobowe u\u017cytkownika, je\u015bli takie przetwarzanie jest niezb\u0119dne do wype\u0142nienia obowi\u0105zku prawnego, kt\u00f3remu podlegamy, lub w celu ochrony \u017cywotnych interes\u00f3w u\u017cytkownika lub \u017cywotnych interes\u00f3w innej osoby fizycznej.<\/p><h3>3. Udost\u0119pnianie danych osobowych innym podmiotom<\/h3><p>3.1 Opr\u00f3cz konkretnych przypadk\u00f3w ujawnienia danych osobowych okre\u015blonych w niniejszym punkcie 4, mo\u017cemy ujawni\u0107 dane osobowe u\u017cytkownika, gdy takie ujawnienie jest niezb\u0119dne do wype\u0142nienia obowi\u0105zku prawnego, kt\u00f3remu podlegamy, lub w celu ochrony \u017cywotnych interes\u00f3w u\u017cytkownika lub \u017cywotnych interes\u00f3w innej osoby fizycznej. Mo\u017cemy r\u00f3wnie\u017c ujawni\u0107 dane osobowe u\u017cytkownika, je\u015bli takie ujawnienie jest konieczne do ustalenia, wykonania lub obrony roszcze\u0144 prawnych, zar\u00f3wno w post\u0119powaniu s\u0105dowym, jak i administracyjnym lub pozas\u0105dowym. <\/p><h3>4. Mi\u0119dzynarodowe przekazywanie danych osobowych<\/h3><p>4.1 U\u017cytkownik przyjmuje do wiadomo\u015bci, \u017ce dane osobowe, kt\u00f3re przesy\u0142a do publikacji za po\u015brednictwem naszej strony internetowej lub us\u0142ug, mog\u0105 by\u0107 dost\u0119pne za po\u015brednictwem Internetu na ca\u0142ym \u015bwiecie. Nie mo\u017cemy zapobiec wykorzystaniu (lub niew\u0142a\u015bciwemu wykorzystaniu) takich danych osobowych przez inne osoby. <\/p><h3>5. Przechowywanie i usuwanie danych osobowych<\/h3><p>5.1 Niniejsza sekcja 6 okre\u015bla nasze zasady i procedury przechowywania danych, kt\u00f3re maj\u0105 na celu zapewnienie, \u017ce przestrzegamy naszych zobowi\u0105za\u0144 prawnych w odniesieniu do przechowywania i usuwania danych osobowych.<\/p><p>5.2 Dane osobowe przetwarzane przez nas w jakimkolwiek celu lub celach nie b\u0119d\u0105 przechowywane d\u0142u\u017cej ni\u017c jest to konieczne do tego celu lub cel\u00f3w.<\/p><p>5.3 B\u0119dziemy przechowywa\u0107 dane osobowe u\u017cytkownika w nast\u0119puj\u0105cy spos\u00f3b:<br>(a) <strong>dane dotycz\u0105ce u\u017cytkowania<\/strong>, <strong>dane dotycz\u0105ce publikacji<\/strong>, <strong>dane dotycz\u0105ce zapyta\u0144, dane dotycz\u0105ce powiadomie\u0144 i dane dotycz\u0105ce korespondencji<\/strong> b\u0119d\u0105 przechowywane przez okres maksymalnie <em>10 lat.<\/em><\/p><p>5.4 Niezale\u017cnie od innych postanowie\u0144 niniejszego punktu 6, mo\u017cemy przechowywa\u0107 dane osobowe u\u017cytkownika, je\u015bli takie przechowywanie jest konieczne do wype\u0142nienia obowi\u0105zku prawnego, kt\u00f3remu podlegamy, lub w celu ochrony \u017cywotnych interes\u00f3w u\u017cytkownika lub \u017cywotnych interes\u00f3w innej osoby fizycznej.<\/p><h3>6. Poprawki<\/h3><p>6.1 Od czasu do czasu mo\u017cemy aktualizowa\u0107 niniejsze zasady, publikuj\u0105c ich now\u0105 wersj\u0119 na naszej stronie internetowej.<\/p><p>6.2 Powiniene\u015b od czasu do czasu sprawdza\u0107 t\u0119 stron\u0119, aby upewni\u0107 si\u0119, \u017ce jeste\u015b zadowolony z wszelkich zmian w niniejszej polityce. 6.3 My m<\/p><p>powiadomi\u0107 u\u017cytkownika o zmianach w niniejszych zasadach za po\u015brednictwem poczty elektronicznej.<\/p><h3>7. Prawa u\u017cytkownika<\/h3><p>7.1 W niniejszym Rozdziale 8 podsumowali\u015bmy prawa przys\u0142uguj\u0105ce u\u017cytkownikowi na mocy przepis\u00f3w o ochronie danych. Niekt\u00f3re z praw s\u0105 z\u0142o\u017cone i nie wszystkie szczeg\u00f3\u0142y zosta\u0142y uwzgl\u0119dnione w naszych podsumowaniach. W zwi\u0105zku z tym u\u017cytkownik powinien zapozna\u0107 si\u0119 z odpowiednimi przepisami i wytycznymi organ\u00f3w regulacyjnych, aby uzyska\u0107 pe\u0142ne wyja\u015bnienie tych praw.  <\/p><p>7.2 G\u0142\u00f3wne prawa u\u017cytkownika wynikaj\u0105ce z przepis\u00f3w o ochronie danych to:<br>(a) prawo dost\u0119pu;<br>(b) prawo do sprostowania danych;<br>(c) prawo do usuni\u0119cia danych;<br>(d) prawo do ograniczenia przetwarzania;<br>(e) prawo do wniesienia sprzeciwu wobec przetwarzania;<br>(f) prawo do przenoszenia danych;<br>(g) prawo do z\u0142o\u017cenia skargi do organu nadzorczego; oraz<br>(h) prawo do wycofania zgody.<\/p><p>7.3 U\u017cytkownik ma prawo do potwierdzenia, czy przetwarzamy jego dane osobowe, a w przypadku, gdy to robimy, do dost\u0119pu do danych osobowych wraz z pewnymi dodatkowymi informacjami. Te dodatkowe informacje obejmuj\u0105 szczeg\u00f3\u0142y dotycz\u0105ce cel\u00f3w przetwarzania, kategorii danych osobowych oraz odbiorc\u00f3w danych osobowych. Pod warunkiem, \u017ce prawa i wolno\u015bci innych os\u00f3b nie zostan\u0105 naruszone, dostarczymy u\u017cytkownikowi kopi\u0119 jego danych osobowych. Pierwsza kopia zostanie dostarczona bezp\u0142atnie, ale dodatkowe kopie mog\u0105 podlega\u0107 rozs\u0105dnej op\u0142acie.   <\/p><p>7.4 U\u017cytkownik ma prawo do sprostowania swoich nieprawid\u0142owych danych osobowych oraz, z uwzgl\u0119dnieniem cel\u00f3w przetwarzania, do uzupe\u0142nienia swoich niekompletnych danych osobowych.<\/p><p>7.5 W niekt\u00f3rych okoliczno\u015bciach u\u017cytkownik ma prawo do usuni\u0119cia swoich danych osobowych bez zb\u0119dnej zw\u0142oki. Okoliczno\u015bci te obejmuj\u0105: dane osobowe nie s\u0105 ju\u017c niezb\u0119dne w zwi\u0105zku z celami, dla kt\u00f3rych zosta\u0142y zebrane lub w inny spos\u00f3b przetwarzane; u\u017cytkownik wycofuje zgod\u0119 na przetwarzanie oparte na zgodzie; u\u017cytkownik sprzeciwia si\u0119 przetwarzaniu zgodnie z okre\u015blonymi zasadami obowi\u0105zuj\u0105cego prawa o ochronie danych; przetwarzanie s\u0142u\u017cy celom marketingu bezpo\u015bredniego; dane osobowe zosta\u0142y przetworzone niezgodnie z prawem. Istniej\u0105 jednak wyj\u0105tki od prawa do usuni\u0119cia danych. Og\u00f3lne wy\u0142\u0105czenia obejmuj\u0105 sytuacje, w kt\u00f3rych przetwarzanie jest niezb\u0119dne: do korzystania z prawa do wolno\u015bci wypowiedzi i informacji; do wype\u0142nienia obowi\u0105zku prawnego; lub do ustalenia, dochodzenia lub obrony roszcze\u0144 prawnych.   <\/p><p>7.6 W niekt\u00f3rych okoliczno\u015bciach u\u017cytkownik ma prawo ograniczy\u0107 przetwarzanie swoich danych osobowych. Okoliczno\u015bci te s\u0105 nast\u0119puj\u0105ce: kwestionujesz dok\u0142adno\u015b\u0107 danych osobowych; przetwarzanie jest niezgodne z prawem, ale sprzeciwiasz si\u0119 usuni\u0119ciu; nie potrzebujemy ju\u017c danych osobowych do cel\u00f3w naszego przetwarzania, ale potrzebujesz danych osobowych do ustalenia, wykonania lub obrony roszcze\u0144 prawnych; i sprzeciwi\u0142e\u015b si\u0119 przetwarzaniu, w oczekiwaniu na weryfikacj\u0119 tego sprzeciwu. Je\u015bli przetwarzanie zosta\u0142o ograniczone na tej podstawie, mo\u017cemy nadal przechowywa\u0107 dane osobowe u\u017cytkownika. W przeciwnym razie b\u0119dziemy je jednak przetwarza\u0107 wy\u0142\u0105cznie: za zgod\u0105 u\u017cytkownika; w celu ustalenia, dochodzenia lub obrony roszcze\u0144 prawnych; w celu ochrony praw innej osoby fizycznej lub prawnej; lub z uwagi na wa\u017cny interes publiczny.   <\/p><p>7.7 U\u017cytkownik ma prawo sprzeciwi\u0107 si\u0119 przetwarzaniu przez nas jego danych osobowych z przyczyn zwi\u0105zanych z jego szczeg\u00f3ln\u0105 sytuacj\u0105, ale tylko w zakresie, w jakim podstaw\u0105 prawn\u0105 przetwarzania jest to, \u017ce przetwarzanie jest niezb\u0119dne do: wykonania zadania realizowanego w interesie publicznym lub w ramach sprawowania powierzonej nam w\u0142adzy publicznej; lub do cel\u00f3w wynikaj\u0105cych z prawnie uzasadnionych interes\u00f3w realizowanych przez nas lub przez stron\u0119 trzeci\u0105. W przypadku wniesienia takiego sprzeciwu zaprzestaniemy przetwarzania danych osobowych, chyba \u017ce b\u0119dziemy w stanie wykaza\u0107 istnienie wa\u017cnych prawnie uzasadnionych podstaw do przetwarzania, nadrz\u0119dnych wobec interes\u00f3w, praw i wolno\u015bci u\u017cytkownika, lub przetwarzanie b\u0119dzie mia\u0142o na celu ustalenie, dochodzenie lub obron\u0119 roszcze\u0144 prawnych. <\/p><p>7.8 U\u017cytkownik ma prawo sprzeciwi\u0107 si\u0119 przetwarzaniu przez nas jego danych osobowych do cel\u00f3w marketingu bezpo\u015bredniego (w tym profilowania do cel\u00f3w marketingu bezpo\u015bredniego). W przypadku wniesienia takiego sprzeciwu zaprzestaniemy przetwarzania danych osobowych u\u017cytkownika w tym celu. <\/p><p>7.9 U\u017cytkownik ma prawo sprzeciwi\u0107 si\u0119 przetwarzaniu przez nas jego danych osobowych do cel\u00f3w bada\u0144 naukowych lub historycznych lub do cel\u00f3w statystycznych z przyczyn zwi\u0105zanych z jego szczeg\u00f3ln\u0105 sytuacj\u0105, chyba \u017ce przetwarzanie jest niezb\u0119dne do wykonania zadania realizowanego w interesie publicznym.<\/p><p>7.10 W zakresie, w jakim podstaw\u0105 prawn\u0105 przetwarzania przez nas danych osobowych u\u017cytkownika jest:<br>(a) zgod\u0119; lub<br>(b) przetwarzanie jest niezb\u0119dne do wykonania umowy, kt\u00f3rej stron\u0105 jest u\u017cytkownik, lub do podj\u0119cia dzia\u0142a\u0144 na \u017c\u0105danie u\u017cytkownika przed zawarciem umowy,<br>(c) a takie przetwarzanie odbywa si\u0119 w spos\u00f3b zautomatyzowany, u\u017cytkownik ma prawo otrzyma\u0107 od nas swoje dane osobowe w ustrukturyzowanym, powszechnie u\u017cywanym formacie nadaj\u0105cym si\u0119 do odczytu maszynowego. Prawo to nie ma jednak zastosowania, je\u015bli mia\u0142oby to negatywny wp\u0142yw na prawa i wolno\u015bci innych os\u00f3b. <\/p><p>7.11 Je\u015bli u\u017cytkownik uwa\u017ca, \u017ce przetwarzanie przez nas jego danych osobowych narusza przepisy o ochronie danych, ma prawo z\u0142o\u017cy\u0107 skarg\u0119 do organu nadzorczego odpowiedzialnego za ochron\u0119 danych. U\u017cytkownik mo\u017ce to zrobi\u0107 w pa\u0144stwie cz\u0142onkowskim UE swojego zwyk\u0142ego pobytu, miejsca pracy lub miejsca domniemanego naruszenia. <\/p><p>7.12 W zakresie, w jakim podstaw\u0105 prawn\u0105 przetwarzania przez nas danych osobowych u\u017cytkownika jest zgoda, u\u017cytkownik ma prawo do wycofania tej zgody w dowolnym momencie. Wycofanie zgody nie b\u0119dzie mia\u0142o wp\u0142ywu na zgodno\u015b\u0107 z prawem przetwarzania danych przed jej wycofaniem. <\/p><p>7.13 U\u017cytkownik mo\u017ce skorzysta\u0107 z przys\u0142uguj\u0105cych mu praw w odniesieniu do jego danych osobowych, powiadamiaj\u0105c nas o tym na pi\u015bmie.<\/p><h3>8. Informacje o plikach cookie<\/h3><p>8.1 Plik cookie to plik zawieraj\u0105cy identyfikator (ci\u0105g liter i cyfr), kt\u00f3ry jest wysy\u0142any przez serwer WWW do przegl\u0105darki internetowej i przechowywany przez przegl\u0105dark\u0119. Identyfikator jest nast\u0119pnie wysy\u0142any z powrotem do serwera za ka\u017cdym razem, gdy przegl\u0105darka \u017c\u0105da strony z serwera. <\/p><p>8.2 Pliki cookie mog\u0105 by\u0107 &#8222;trwa\u0142ymi&#8221; plikami cookie lub &#8222;sesyjnymi&#8221; plikami cookie: trwa\u0142y plik cookie b\u0119dzie przechowywany przez przegl\u0105dark\u0119 internetow\u0105 i pozostanie wa\u017cny do ustalonej daty wyga\u015bni\u0119cia, chyba \u017ce zostanie usuni\u0119ty przez u\u017cytkownika przed dat\u0105 wyga\u015bni\u0119cia; z drugiej strony sesyjny plik cookie wyga\u015bnie na ko\u0144cu sesji u\u017cytkownika, gdy przegl\u0105darka internetowa zostanie zamkni\u0119ta.<\/p><p>8.3 Pliki cookie zazwyczaj nie zawieraj\u0105 \u017cadnych informacji umo\u017cliwiaj\u0105cych identyfikacj\u0119 u\u017cytkownika, ale przechowywane przez nas dane osobowe u\u017cytkownika mog\u0105 by\u0107 powi\u0105zane z informacjami przechowywanymi w plikach cookie i uzyskiwanymi z nich.<\/p><h3>9. Pliki cookie, kt\u00f3rych u\u017cywamy<\/h3><p>9.1 U\u017cywamy plik\u00f3w cookie do nast\u0119puj\u0105cych cel\u00f3w:<br>(a) uwierzytelnianie &#8211; u\u017cywamy plik\u00f3w cookie do identyfikacji u\u017cytkownika podczas odwiedzania naszej witryny internetowej i poruszania si\u0119 po niej;<br>(b) analiza &#8211; u\u017cywamy plik\u00f3w cookie, aby pom\u00f3c nam analizowa\u0107 wykorzystanie i wydajno\u015b\u0107 naszej strony internetowej i us\u0142ug; oraz<br>(c) zgoda na pliki cookie &#8211; u\u017cywamy plik\u00f3w cookie do przechowywania preferencji u\u017cytkownika w odniesieniu do korzystania z plik\u00f3w cookie w spos\u00f3b bardziej og\u00f3lny.<\/p><h3>10. Pliki cookie u\u017cywane przez naszych us\u0142ugodawc\u00f3w<\/h3><p>10.1 Nasi dostawcy us\u0142ug u\u017cywaj\u0105 plik\u00f3w cookie, kt\u00f3re mog\u0105 by\u0107 przechowywane na komputerze u\u017cytkownika podczas odwiedzania naszej witryny internetowej.<\/p><p>10.2 U\u017cywamy Google Analytics do analizy korzystania z naszej strony internetowej. Google Analytics gromadzi informacje o korzystaniu z witryny za pomoc\u0105 plik\u00f3w cookie. Zebrane informacje dotycz\u0105ce naszej strony internetowej s\u0105 wykorzystywane do tworzenia raport\u00f3w na temat korzystania z naszej strony internetowej. Polityka prywatno\u015bci Google jest dost\u0119pna na <a href=\"https:\/\/www.google.com\/policies\/privacy\/\" target=\"_blank\" rel=\"noopener noreferrer nofollow\">tej stronie<\/a>.   <\/p><p>10.3 U\u017cywamy <em>Facebook Pixel <\/em>do analizy korzystania z naszej strony internetowej. Ta us\u0142uga wykorzystuje pliki cookie w celu upewnienia si\u0119, \u017ce nasze reklamy s\u0105 wy\u015bwietlane w\u0142a\u015bciwym osobom i budowania odbiorc\u00f3w reklam. Z polityk\u0105 prywatno\u015bci tego dostawcy us\u0142ug mo\u017cna zapozna\u0107 si\u0119 na <a href=\"https:\/\/www.facebook.com\/privacy\/explanation\/\" target=\"_blank\" rel=\"noopener noreferrer nofollow\">tej stronie<\/a><em>.<\/em>  <\/p><h3>11. Zarz\u0105dzanie plikami cookie<\/h3><p>11.1 Wi\u0119kszo\u015b\u0107 przegl\u0105darek umo\u017cliwia odmow\u0119 akceptowania plik\u00f3w cookie i usuwanie plik\u00f3w cookie. Metody wykonywania tych czynno\u015bci r\u00f3\u017cni\u0105 si\u0119 w zale\u017cno\u015bci od przegl\u0105darki i wersji. Aktualne informacje na temat blokowania i usuwania plik\u00f3w cookie mo\u017cna jednak uzyska\u0107 za po\u015brednictwem nast\u0119puj\u0105cych \u0142\u0105czy:<br>(a) <a href=\"https:\/\/support.google.com\/chrome\/answer\/95647?hl=en\" target=\"_blank\" rel=\"noopener noreferrer nofollow\">Chrome<\/a>,<br>(b) <a href=\"https:\/\/support.mozilla.org\/en-US\/kb\/enable-and-disable-cookies-website-preferences\" target=\"_blank\" rel=\"noopener noreferrer nofollow\">Firefox<\/a>,<br>(c) <a href=\"http:\/\/www.opera.com\/help\/tutorials\/security\/cookies\/\" target=\"_blank\" rel=\"noopener noreferrer nofollow\">Opera<\/a>,<br>(d) <a href=\"https:\/\/support.microsoft.com\/en-gb\/help\/17442\/windows-internet-explorer-delete-manage-cookies\" target=\"_blank\" rel=\"noopener noreferrer nofollow\">Internet Explorer<\/a>,<br>(e) <a href=\"https:\/\/support.apple.com\/kb\/PH21411\" target=\"_blank\" rel=\"noopener noreferrer nofollow\">Safari<\/a> i<br>(f) <a href=\"https:\/\/privacy.microsoft.com\/en-us\/windows-10-microsoft-edge-and-privacy\" target=\"_blank\" rel=\"noopener noreferrer nofollow\">Edge<\/a>.  <\/p><p>11.2 Zablokowanie wszystkich plik\u00f3w cookie b\u0119dzie mia\u0142o negatywny wp\u0142yw na u\u017cyteczno\u015b\u0107 wielu stron internetowych.<\/p><p>11.3 Je\u015bli u\u017cytkownik zablokuje pliki cookie, nie b\u0119dzie m\u00f3g\u0142 korzysta\u0107 ze wszystkich funkcji naszej witryny.<\/p><h3>12. Nasze dane<\/h3><p>12.1 W\u0142a\u015bcicielem i operatorem niniejszej strony internetowej jest Tren\u010dianska univerzita Alexandra Dub\u010deka v Tren\u010d\u00edne<em>.<\/em><\/p><p>12.2 Jeste\u015bmy zarejestrowani na S\u0142owacji pod numerem rejestracyjnym 31118259, a nasza siedziba znajduje si\u0119 pod adresem \u0160tudentsk\u00e1 2, 911 50 Tren\u010d\u00edn, Slovensk\u00e1 republika.<\/p><p>12.3 Nasza g\u0142\u00f3wna siedziba znajduje si\u0119 pod adresem \u0160tudentsk\u00e1 2, 911 50 Tren\u010d\u00edn, Republika S\u0142owacka<em>.<\/em><\/p><p>12.4 U\u017cytkownik mo\u017ce skontaktowa\u0107 si\u0119 z nami:<br>(a) poczt\u0105 na adres podany powy\u017cej;<br>(b) za pomoc\u0105 formularza kontaktowego na naszej stronie internetowej;<br>(c) telefonicznie, pod numerem kontaktowym opublikowanym na naszej stronie internetowej; lub<br>(d) poczt\u0105 elektroniczn\u0105, korzystaj\u0105c z adresu e-mail opublikowanego na naszej stronie internetowej.<\/p><h3>13. Kredyt<\/h3><p>13.1 Niniejszy dokument zosta\u0142 utworzony przy u\u017cyciu szablonu z <a href=\"https:\/\/seqlegal.com\/\" target=\"_blank\" rel=\"noopener noreferrer nofollow\">SEQ Legal<\/a>.<\/p>\t\t\t\t\t\t\t\t<\/div>\n\t\t\t\t<\/div>\n\t\t\t\t\t<\/div>\n\t\t\t\t<\/div>\n\t\t\t\t<\/div>\n\t\t","protected":false},"excerpt":{"rendered":"<p>1. Wprowadzenie 1.1 Zobowi\u0105zujemy si\u0119 do ochrony prywatno\u015bci os\u00f3b odwiedzaj\u0105cych nasz\u0105 stron\u0119 internetow\u0105 i u\u017cytkownik\u00f3w us\u0142ug. 1.2 Niniejsza polityka ma zastosowanie, gdy dzia\u0142amy jako administrator danych w odniesieniu do danych osobowych os\u00f3b odwiedzaj\u0105cych nasz\u0105 stron\u0119 internetow\u0105 i u\u017cytkownik\u00f3w us\u0142ug; innymi s\u0142owy, gdy okre\u015blamy cele i sposoby przetwarzania tych danych osobowych. 1.3 Podczas pierwszej wizyty na&#8230;<\/p>\n","protected":false},"author":4,"featured_media":0,"parent":0,"menu_order":0,"comment_status":"closed","ping_status":"closed","template":"","meta":{"_kad_post_transparent":"","_kad_post_title":"","_kad_post_layout":"","_kad_post_sidebar_id":"","_kad_post_content_style":"","_kad_post_vertical_padding":"","_kad_post_feature":"","_kad_post_feature_position":"","_kad_post_header":false,"_kad_post_footer":false,"footnotes":""},"class_list":["post-7233","page","type-page","status-publish","hentry"],"_links":{"self":[{"href":"https:\/\/study.tnuni.sk\/pl\/wp-json\/wp\/v2\/pages\/7233","targetHints":{"allow":["GET"]}}],"collection":[{"href":"https:\/\/study.tnuni.sk\/pl\/wp-json\/wp\/v2\/pages"}],"about":[{"href":"https:\/\/study.tnuni.sk\/pl\/wp-json\/wp\/v2\/types\/page"}],"author":[{"embeddable":true,"href":"https:\/\/study.tnuni.sk\/pl\/wp-json\/wp\/v2\/users\/4"}],"replies":[{"embeddable":true,"href":"https:\/\/study.tnuni.sk\/pl\/wp-json\/wp\/v2\/comments?post=7233"}],"version-history":[{"count":2,"href":"https:\/\/study.tnuni.sk\/pl\/wp-json\/wp\/v2\/pages\/7233\/revisions"}],"predecessor-version":[{"id":7253,"href":"https:\/\/study.tnuni.sk\/pl\/wp-json\/wp\/v2\/pages\/7233\/revisions\/7253"}],"wp:attachment":[{"href":"https:\/\/study.tnuni.sk\/pl\/wp-json\/wp\/v2\/media?parent=7233"}],"curies":[{"name":"wp","href":"https:\/\/api.w.org\/{rel}","templated":true}]}}