{"id":7217,"date":"2025-08-31T14:15:30","date_gmt":"2025-08-31T12:15:30","guid":{"rendered":"https:\/\/study.tnuni.sk\/cookies-policy\/"},"modified":"2025-09-07T13:51:05","modified_gmt":"2025-09-07T11:51:05","slug":"cookies-policy","status":"publish","type":"page","link":"https:\/\/study.tnuni.sk\/pl\/cookies-policy\/","title":{"rendered":"Polityka plik\u00f3w cookie"},"content":{"rendered":"\t\t<div data-elementor-type=\"wp-page\" data-elementor-id=\"7217\" class=\"elementor elementor-7217 elementor-6941\" data-elementor-post-type=\"page\">\n\t\t\t\t<div class=\"elementor-element elementor-element-763ee76 e-flex e-con-boxed e-con e-parent\" data-id=\"763ee76\" data-element_type=\"container\">\n\t\t\t\t\t<div class=\"e-con-inner\">\n\t\t\t\t<div class=\"elementor-element elementor-element-f6d18e5 elementor-widget elementor-widget-heading\" data-id=\"f6d18e5\" data-element_type=\"widget\" data-widget_type=\"heading.default\">\n\t\t\t\t<div class=\"elementor-widget-container\">\n\t\t\t\t\t<h1 class=\"elementor-heading-title elementor-size-default\">Polityka plik\u00f3w cookie<\/h1>\t\t\t\t<\/div>\n\t\t\t\t<\/div>\n\t\t\t\t<div class=\"elementor-element elementor-element-ea5295b elementor-widget elementor-widget-text-editor\" data-id=\"ea5295b\" data-element_type=\"widget\" data-widget_type=\"text-editor.default\">\n\t\t\t\t<div class=\"elementor-widget-container\">\n\t\t\t\t\t\t\t\t\t<h3>1. Informacje o plikach cookie<\/h3><p>1.1 Plik cookie to plik zawieraj\u0105cy identyfikator (ci\u0105g liter i cyfr), kt\u00f3ry jest wysy\u0142any przez serwer WWW do przegl\u0105darki internetowej i przechowywany przez przegl\u0105dark\u0119. Identyfikator jest nast\u0119pnie wysy\u0142any z powrotem do serwera za ka\u017cdym razem, gdy przegl\u0105darka \u017c\u0105da strony z serwera. <\/p><p>1.2 Pliki cookie mog\u0105 by\u0107 &#8222;trwa\u0142ymi&#8221; plikami cookie lub &#8222;sesyjnymi&#8221; plikami cookie: trwa\u0142y plik cookie b\u0119dzie przechowywany przez przegl\u0105dark\u0119 internetow\u0105 i pozostanie wa\u017cny do ustalonej daty wyga\u015bni\u0119cia, chyba \u017ce zostanie usuni\u0119ty przez u\u017cytkownika przed dat\u0105 wyga\u015bni\u0119cia; z drugiej strony sesyjny plik cookie wyga\u015bnie na ko\u0144cu sesji u\u017cytkownika, gdy przegl\u0105darka internetowa zostanie zamkni\u0119ta.<\/p><p>1.3 Pliki cookie zazwyczaj nie zawieraj\u0105 \u017cadnych informacji umo\u017cliwiaj\u0105cych identyfikacj\u0119 u\u017cytkownika, ale przechowywane przez nas dane osobowe u\u017cytkownika mog\u0105 by\u0107 powi\u0105zane z informacjami przechowywanymi w plikach cookie i uzyskiwanymi z nich.<\/p><h3>2. Pliki cookie, kt\u00f3rych u\u017cywamy<\/h3><p>2.1 U\u017cywamy plik\u00f3w cookie do nast\u0119puj\u0105cych cel\u00f3w:<\/p><p>(a) uwierzytelnianie &#8211; u\u017cywamy plik\u00f3w cookie do identyfikacji u\u017cytkownika podczas odwiedzania naszej witryny internetowej i poruszania si\u0119 po niej;<\/p><p>(b) analiza &#8211; u\u017cywamy plik\u00f3w cookie, aby pom\u00f3c nam analizowa\u0107 wykorzystanie i wydajno\u015b\u0107 naszej strony internetowej i us\u0142ug; oraz<\/p><p>(c) zgoda na pliki cookie &#8211; u\u017cywamy plik\u00f3w cookie do przechowywania preferencji u\u017cytkownika w odniesieniu do korzystania z plik\u00f3w cookie w spos\u00f3b bardziej og\u00f3lny.<\/p><h3>3. Pliki cookie u\u017cywane przez naszych dostawc\u00f3w us\u0142ug<\/h3><p>3.1 Nasi dostawcy us\u0142ug u\u017cywaj\u0105 plik\u00f3w cookie, kt\u00f3re mog\u0105 by\u0107 przechowywane na komputerze u\u017cytkownika podczas odwiedzania naszej witryny internetowej.<\/p><p>3.2 U\u017cywamy Google Analytics do analizy korzystania z naszej strony internetowej. Google Analytics gromadzi informacje o korzystaniu z witryny za pomoc\u0105 plik\u00f3w cookie. Zebrane informacje dotycz\u0105ce naszej strony internetowej s\u0105 wykorzystywane do tworzenia raport\u00f3w na temat korzystania z naszej strony internetowej. Polityka prywatno\u015bci Google jest dost\u0119pna na <a href=\"https:\/\/www.google.com\/policies\/privacy\/\" target=\"_blank\" rel=\"noopener noreferrer nofollow\">stronie Google<\/a>.   <\/p><p>3.3 U\u017cywamy <em>Facebook Pixel <\/em>do analizy korzystania z naszej strony internetowej. Ta us\u0142uga wykorzystuje pliki cookie w celu upewnienia si\u0119, \u017ce nasze reklamy s\u0105 wy\u015bwietlane w\u0142a\u015bciwym osobom i budowania odbiorc\u00f3w reklam. Z polityk\u0105 prywatno\u015bci tego dostawcy us\u0142ug mo\u017cna zapozna\u0107 si\u0119 na <a href=\"https:\/\/www.facebook.com\/privacy\/explanation\/\" target=\"_blank\" rel=\"noopener noreferrer nofollow\">tej stronie<\/a><em>.<\/em>  <\/p><h3>4. Zarz\u0105dzanie plikami cookie<\/h3><p>4.1 Wi\u0119kszo\u015b\u0107 przegl\u0105darek umo\u017cliwia odmow\u0119 akceptowania plik\u00f3w cookie i usuwanie plik\u00f3w cookie. Metody wykonywania tych czynno\u015bci r\u00f3\u017cni\u0105 si\u0119 w zale\u017cno\u015bci od przegl\u0105darki i wersji. Aktualne informacje na temat blokowania i usuwania plik\u00f3w cookie mo\u017cna jednak uzyska\u0107, korzystaj\u0105c z poni\u017cszych link\u00f3w:  <\/p><p>(a) <a href=\"https:\/\/support.google.com\/chrome\/answer\/95647?hl=en\" target=\"_blank\" rel=\"noopener noreferrer nofollow\">Chrome<\/a><br>(b) <a href=\"https:\/\/support.mozilla.org\/en-US\/kb\/enable-and-disable-cookies-website-preferences\" target=\"_blank\" rel=\"noopener noreferrer nofollow\">Firefox<\/a><br>(c) <a href=\"http:\/\/www.opera.com\/help\/tutorials\/security\/cookies\/\" target=\"_blank\" rel=\"noopener noreferrer nofollow\">Opera<\/a><br>(d) <a href=\"https:\/\/support.microsoft.com\/en-gb\/help\/17442\/windows-internet-explorer-delete-manage-cookies\" target=\"_blank\" rel=\"noopener noreferrer nofollow\">Internet Explorer<\/a>;<br>(e) <a href=\"https:\/\/support.apple.com\/kb\/PH21411\" target=\"_blank\" rel=\"noopener noreferrer nofollow\">Safari<\/a> i<br>(f) <a href=\"https:\/\/privacy.microsoft.com\/en-us\/windows-10-microsoft-edge-and-privacy\" target=\"_blank\" rel=\"noopener noreferrer nofollow\">Edge<\/a>.<\/p><p>4.2 Zablokowanie wszystkich plik\u00f3w cookie b\u0119dzie mia\u0142o negatywny wp\u0142yw na u\u017cyteczno\u015b\u0107 wielu stron internetowych.<\/p><p>4.3 Je\u015bli u\u017cytkownik zablokuje pliki cookie, nie b\u0119dzie m\u00f3g\u0142 korzysta\u0107 ze wszystkich funkcji naszej witryny.<\/p>\t\t\t\t\t\t\t\t<\/div>\n\t\t\t\t<\/div>\n\t\t\t\t\t<\/div>\n\t\t\t\t<\/div>\n\t\t\t\t<\/div>\n\t\t","protected":false},"excerpt":{"rendered":"<p>1. Informacje o plikach cookie 1.1 Plik cookie to plik zawieraj\u0105cy identyfikator (ci\u0105g liter i cyfr), kt\u00f3ry jest wysy\u0142any przez serwer WWW do przegl\u0105darki internetowej i przechowywany przez przegl\u0105dark\u0119. Identyfikator jest nast\u0119pnie wysy\u0142any z powrotem do serwera za ka\u017cdym razem, gdy przegl\u0105darka \u017c\u0105da strony z serwera. 1.2 Pliki cookie mog\u0105 by\u0107 &#8222;trwa\u0142ymi&#8221; plikami cookie lub&#8230;<\/p>\n","protected":false},"author":4,"featured_media":0,"parent":0,"menu_order":0,"comment_status":"closed","ping_status":"closed","template":"","meta":{"_kad_post_transparent":"","_kad_post_title":"","_kad_post_layout":"","_kad_post_sidebar_id":"","_kad_post_content_style":"","_kad_post_vertical_padding":"","_kad_post_feature":"","_kad_post_feature_position":"","_kad_post_header":false,"_kad_post_footer":false,"footnotes":""},"class_list":["post-7217","page","type-page","status-publish","hentry"],"_links":{"self":[{"href":"https:\/\/study.tnuni.sk\/pl\/wp-json\/wp\/v2\/pages\/7217","targetHints":{"allow":["GET"]}}],"collection":[{"href":"https:\/\/study.tnuni.sk\/pl\/wp-json\/wp\/v2\/pages"}],"about":[{"href":"https:\/\/study.tnuni.sk\/pl\/wp-json\/wp\/v2\/types\/page"}],"author":[{"embeddable":true,"href":"https:\/\/study.tnuni.sk\/pl\/wp-json\/wp\/v2\/users\/4"}],"replies":[{"embeddable":true,"href":"https:\/\/study.tnuni.sk\/pl\/wp-json\/wp\/v2\/comments?post=7217"}],"version-history":[{"count":2,"href":"https:\/\/study.tnuni.sk\/pl\/wp-json\/wp\/v2\/pages\/7217\/revisions"}],"predecessor-version":[{"id":7242,"href":"https:\/\/study.tnuni.sk\/pl\/wp-json\/wp\/v2\/pages\/7217\/revisions\/7242"}],"wp:attachment":[{"href":"https:\/\/study.tnuni.sk\/pl\/wp-json\/wp\/v2\/media?parent=7217"}],"curies":[{"name":"wp","href":"https:\/\/api.w.org\/{rel}","templated":true}]}}