{"id":5862,"date":"2025-04-09T17:35:20","date_gmt":"2025-04-09T15:35:20","guid":{"rendered":"https:\/\/study.tnuni.sk\/acommodation\/"},"modified":"2025-09-07T14:12:05","modified_gmt":"2025-09-07T12:12:05","slug":"acommodation","status":"publish","type":"page","link":"https:\/\/study.tnuni.sk\/pl\/acommodation\/","title":{"rendered":"AKOMODACJA"},"content":{"rendered":"\t\t<div data-elementor-type=\"wp-page\" data-elementor-id=\"5862\" class=\"elementor elementor-5862 elementor-3760\" data-elementor-post-type=\"page\">\n\t\t\t\t<div class=\"elementor-element elementor-element-14d3720 e-flex e-con-boxed e-con e-parent\" data-id=\"14d3720\" data-element_type=\"container\">\n\t\t\t\t\t<div class=\"e-con-inner\">\n\t\t\t\t<div class=\"elementor-element elementor-element-a81cf79 nadpis elementor-widget__width-inherit elementor-widget elementor-widget-heading\" data-id=\"a81cf79\" data-element_type=\"widget\" data-widget_type=\"heading.default\">\n\t\t\t\t<div class=\"elementor-widget-container\">\n\t\t\t\t\t<h1 class=\"elementor-heading-title elementor-size-default\"><b>Zakwaterowanie<\/b><\/h1>\t\t\t\t<\/div>\n\t\t\t\t<\/div>\n\t\t\t\t<div class=\"elementor-element elementor-element-0a8a9b3 elementor-widget elementor-widget-text-editor\" data-id=\"0a8a9b3\" data-element_type=\"widget\" data-widget_type=\"text-editor.default\">\n\t\t\t\t<div class=\"elementor-widget-container\">\n\t\t\t\t\t\t\t\t\t<p>Nasza uczelnia zapewnia studentom zakwaterowanie podczas studi\u00f3w w &#8222;Akademiku Uniwersyteckim &#8211; Z\u00e1blatie&#8221;, ale tak\u017ce w 3 innych akademikach kontraktowych:<\/p><ul><li>Akademik uniwersytecki &#8211; Z\u00c1BLATIE<\/li><li>Internat szko\u0142y \u015bredniej &#8211; PRI STREDNEJ \u0160PORTOVEJ \u0160KOLE V TREN\u010c\u00cdNE<\/li><li>Dormitorium &#8211; JANKA<\/li><li>Internat szko\u0142y \u015bredniej &#8211; P\u00daCHOV  <\/li><\/ul><p>Miesi\u0119czny czynsz wynosi od 90 \u20ac w zale\u017cno\u015bci od przydzielonego pokoju wieloosobowego.<\/p><p>Kontakt:<br>Email: <a href=\"mailto:ubytovanie@tnuni.sk\">ubytovanie@tnuni.sk<\/a><br>Telefon: +421 32 7400 125<\/p><p>Warunki z\u0142o\u017cenia wniosku dla nowo przyj\u0119tych student\u00f3w:<\/p><p><em>(dotyczy r\u00f3wnie\u017c student\u00f3w kontynuuj\u0105cych nauk\u0119 na<sup>2.<\/sup><\/em><em> <\/em><em>stopnia studi\u00f3w)<\/em><\/p><ul><li>Studenci ubiegaj\u0105 si\u0119 o zakwaterowanie wy\u0142\u0105cznie za po\u015brednictwem Akademickiego Systemu Informacyjnego<a href=\"https:\/\/ais2.tnuni.sk\/\" rel=\"nofollow noopener\" target=\"_blank\">(AIS2<\/a>).<\/li><li>Sk\u0142adanie wniosk\u00f3w jest aktywowane w systemie (AIS2) dopiero po wys\u0142aniu e-zwrotu.<\/li><li>Termin sk\u0142adania wniosk\u00f3w: <strong>15\/07 <\/strong><strong>&#8211;<\/strong><strong> 15\/08<\/strong><a href=\"https:\/\/tnuni.sk\/fileadmin\/dokumenty\/studenti\/ubytovanie\/2024\/NAVOD_Novoprij_Studenti_vyplnenieZiadostiUbytovanie2024-25.pdf\" rel=\"nofollow noopener\" target=\"_blank\">(r\u0119cznie<\/a>).<\/li><li>Studenci otrzymaj\u0105 powiadomienie o przydzieleniu zakwaterowania na adres e-mail podany we wniosku o przyj\u0119cie na uniwersytet.<\/li><li>Studenci ubiegaj\u0105 si\u0119 o zakwaterowanie na ka\u017cdy rok akademicki.<\/li><\/ul><p>Warunki z\u0142o\u017cenia wniosku dla student\u00f3w kontynuuj\u0105cych nauk\u0119:<\/p><ul><li>Studenci ubiegaj\u0105 si\u0119 o zakwaterowanie wy\u0142\u0105cznie za po\u015brednictwem Akademickiego Systemu Informacyjnego<a href=\"https:\/\/ais2.tnuni.sk\/\" rel=\"nofollow noopener\" target=\"_blank\">(AIS2<\/a>).<\/li><li>Termin sk\u0142adania wniosk\u00f3w: <strong>01\/07 <\/strong><strong>&#8211;<\/strong><strong> 14\/07<\/strong><a href=\"https:\/\/tnuni.sk\/fileadmin\/dokumenty\/studenti\/ubytovanie\/2024\/NAVODPokracujuci__vyplnenieZiadostiUbytovani2024-25.pdf\" rel=\"nofollow noopener\" target=\"_blank\">(r\u0119cznie<\/a>).<\/li><li>Studenci otrzymaj\u0105 powiadomienie o przydzieleniu zakwaterowania na sw\u00f3j adres e-mail przypisany przez uczelni\u0119 na pocz\u0105tku studi\u00f3w.<\/li><li>Studenci ubiegaj\u0105 si\u0119 o zakwaterowanie na ka\u017cdy rok akademicki.<\/li><\/ul>\t\t\t\t\t\t\t\t<\/div>\n\t\t\t\t<\/div>\n\t\t\t\t\t<\/div>\n\t\t\t\t<\/div>\n\t\t\t\t<\/div>\n\t\t","protected":false},"excerpt":{"rendered":"<p>Zakwaterowanie Nasza uczelnia zapewnia studentom zakwaterowanie podczas studi\u00f3w w &#8222;Akademiku Uniwersyteckim &#8211; Z\u00e1blatie&#8221;, ale tak\u017ce w 3 innych akademikach kontraktowych: Akademik uniwersytecki &#8211; Z\u00c1BLATIE Internat szko\u0142y \u015bredniej &#8211; PRI STREDNEJ \u0160PORTOVEJ \u0160KOLE V TREN\u010c\u00cdNE Dormitorium &#8211; JANKA Internat szko\u0142y \u015bredniej &#8211; P\u00daCHOV Miesi\u0119czny czynsz wynosi od 90 \u20ac w zale\u017cno\u015bci od przydzielonego pokoju wieloosobowego. Kontakt:Email:&#8230;<\/p>\n","protected":false},"author":2,"featured_media":0,"parent":0,"menu_order":0,"comment_status":"closed","ping_status":"closed","template":"","meta":{"_kad_post_transparent":"default","_kad_post_title":"hide","_kad_post_layout":"default","_kad_post_sidebar_id":"","_kad_post_content_style":"default","_kad_post_vertical_padding":"default","_kad_post_feature":"","_kad_post_feature_position":"","_kad_post_header":false,"_kad_post_footer":false,"footnotes":""},"class_list":["post-5862","page","type-page","status-publish","hentry"],"_links":{"self":[{"href":"https:\/\/study.tnuni.sk\/pl\/wp-json\/wp\/v2\/pages\/5862","targetHints":{"allow":["GET"]}}],"collection":[{"href":"https:\/\/study.tnuni.sk\/pl\/wp-json\/wp\/v2\/pages"}],"about":[{"href":"https:\/\/study.tnuni.sk\/pl\/wp-json\/wp\/v2\/types\/page"}],"author":[{"embeddable":true,"href":"https:\/\/study.tnuni.sk\/pl\/wp-json\/wp\/v2\/users\/2"}],"replies":[{"embeddable":true,"href":"https:\/\/study.tnuni.sk\/pl\/wp-json\/wp\/v2\/comments?post=5862"}],"version-history":[{"count":6,"href":"https:\/\/study.tnuni.sk\/pl\/wp-json\/wp\/v2\/pages\/5862\/revisions"}],"predecessor-version":[{"id":7260,"href":"https:\/\/study.tnuni.sk\/pl\/wp-json\/wp\/v2\/pages\/5862\/revisions\/7260"}],"wp:attachment":[{"href":"https:\/\/study.tnuni.sk\/pl\/wp-json\/wp\/v2\/media?parent=5862"}],"curies":[{"name":"wp","href":"https:\/\/api.w.org\/{rel}","templated":true}]}}